{"id":2,"date":"2024-09-23T18:41:30","date_gmt":"2024-09-23T18:41:30","guid":{"rendered":"https:\/\/quintadaspalmeiras.pt\/somosmaisaler\/?page_id=2"},"modified":"2024-10-12T20:18:31","modified_gmt":"2024-10-12T20:18:31","slug":"sample-page","status":"publish","type":"page","link":"https:\/\/quintadaspalmeiras.pt\/somosmaisaler\/sample-page\/","title":{"rendered":"O Projeto"},"content":{"rendered":"\n    \n    <section class=\"u-clearfix u-container-align-center u-image u-section-2\" id=\"sec-9035\" data-image-width=\"2000\" data-image-height=\"1009\" style=\"background-image: url(&quot;https:\/\/quintadaspalmeiras.pt\/somosmaisaler\/wp-content\/uploads\/2024\/09\/cropped-school-students-digital-art-style-education-day-scaled-1.jpg&quot;);\">\n      <div class=\"u-clearfix u-sheet u-sheet-1\"><\/div>\n    <\/section>\n    <section class=\"u-clearfix u-section-3\" id=\"sec-6773\">\n      <div class=\"u-clearfix u-sheet u-sheet-1\">\n        <h3 class=\"u-text u-text-default u-text-1\">O Projeto<\/h3>\n        <p class=\"u-align-justify u-text u-text-default u-text-2\"> As Perturba\u00e7\u00f5es da Linguagem e as Perturba\u00e7\u00f5es Espec\u00edficas da Aprendizagem com afe\u00e7\u00e3o da Leitura e Escrita s\u00e3o consideradas como umas das perturba\u00e7\u00f5es do neurodesenvolvimento mais comuns na inf\u00e2ncia. Estima-se que 17,1% das crian\u00e7as apresentem uma Perturba\u00e7\u00e3o da Linguagem e que 5,4% apresentem dificuldades ao n\u00edvel da Leitura e Escrita.<br>\n          <br>A Escola Secund\u00e1ria Quinta das Palmeiras n\u00e3o foge \u00e0s estat\u00edsticas. O n\u00famero de alunos que apresentam Perturba\u00e7\u00f5es da Linguagem e Perturba\u00e7\u00f5es Espec\u00edficas da Aprendizagem com afe\u00e7\u00e3o da Leitura e Escrita \u00e9 bastante elevado. Ambas as perturba\u00e7\u00f5es comprometem a literacia dos alunos e, consequentemente, o seu sucesso escolar. Assim, torna-se inadi\u00e1vel a implementa\u00e7\u00e3o de um plano de a\u00e7\u00e3o que vise n\u00e3o s\u00f3 identificar a presen\u00e7a destas perturba\u00e7\u00f5es como tamb\u00e9m intervir de uma forma criteriosa e sistem\u00e1tica, n\u00e3o s\u00f3 ao n\u00edvel do aluno que apresenta&nbsp;&nbsp;d\u00e9fice, mas tamb\u00e9m no meio envolvente (reduzindo barreiras e implementando facilitadores).\n        <\/p>\n      <\/div>\n    <\/section>\n    \n    \n    \n  \n","protected":false},"excerpt":{"rendered":"<p>O Projeto As Perturba\u00e7\u00f5es da Linguagem e as Perturba\u00e7\u00f5es Espec\u00edficas da Aprendizagem com afe\u00e7\u00e3o da Leitura e Escrita s\u00e3o consideradas como umas das perturba\u00e7\u00f5es do neurodesenvolvimento mais comuns na inf\u00e2ncia. Estima-se que 17,1% das crian\u00e7as apresentem uma Perturba\u00e7\u00e3o da Linguagem e que 5,4% apresentem dificuldades ao n\u00edvel da Leitura e Escrita. A Escola Secund\u00e1ria Quinta &hellip; <a href=\"https:\/\/quintadaspalmeiras.pt\/somosmaisaler\/sample-page\/\" class=\"more-link\">Continue reading<span class=\"screen-reader-text\"> &#8220;O Projeto&#8221;<\/span><\/a><\/p>\n","protected":false},"author":1,"featured_media":0,"parent":0,"menu_order":0,"comment_status":"closed","ping_status":"open","template":"","meta":{"_themeisle_gutenberg_block_has_review":false,"footnotes":""},"class_list":["post-2","page","type-page","status-publish","hentry"],"_links":{"self":[{"href":"https:\/\/quintadaspalmeiras.pt\/somosmaisaler\/wp-json\/wp\/v2\/pages\/2","targetHints":{"allow":["GET"]}}],"collection":[{"href":"https:\/\/quintadaspalmeiras.pt\/somosmaisaler\/wp-json\/wp\/v2\/pages"}],"about":[{"href":"https:\/\/quintadaspalmeiras.pt\/somosmaisaler\/wp-json\/wp\/v2\/types\/page"}],"author":[{"embeddable":true,"href":"https:\/\/quintadaspalmeiras.pt\/somosmaisaler\/wp-json\/wp\/v2\/users\/1"}],"replies":[{"embeddable":true,"href":"https:\/\/quintadaspalmeiras.pt\/somosmaisaler\/wp-json\/wp\/v2\/comments?post=2"}],"version-history":[{"count":7,"href":"https:\/\/quintadaspalmeiras.pt\/somosmaisaler\/wp-json\/wp\/v2\/pages\/2\/revisions"}],"predecessor-version":[{"id":257,"href":"https:\/\/quintadaspalmeiras.pt\/somosmaisaler\/wp-json\/wp\/v2\/pages\/2\/revisions\/257"}],"wp:attachment":[{"href":"https:\/\/quintadaspalmeiras.pt\/somosmaisaler\/wp-json\/wp\/v2\/media?parent=2"}],"curies":[{"name":"wp","href":"https:\/\/api.w.org\/{rel}","templated":true}]}}